{"id":27,"date":"2023-02-27T10:20:59","date_gmt":"2023-02-27T10:20:59","guid":{"rendered":"https:\/\/www.cocinasvipe.es\/?page_id=27"},"modified":"2023-03-10T10:02:19","modified_gmt":"2023-03-10T10:02:19","slug":"nosotros","status":"publish","type":"page","link":"https:\/\/www.cocinasvipe.es\/en\/nosotros\/","title":{"rendered":"Nosotros"},"content":{"rendered":"<p>[et_pb_section fb_built=\u00bb1&#8243; custom_padding_last_edited=\u00bbon|phone\u00bb admin_label=\u00bbHeader\u00bb _builder_version=\u00bb4.20.0&#8243; use_background_color_gradient=\u00bbon\u00bb background_color_gradient_stops=\u00bbrgba(0,0,0,0.5) 0%|rgba(0,0,0,0.5) 100%\u00bb background_color_gradient_overlays_image=\u00bbon\u00bb background_color_gradient_start=\u00bbrgba(0,0,0,0.5)\u00bb background_color_gradient_end=\u00bbrgba(0,0,0,0.5)\u00bb background_image=\u00bbhttps:\/\/www.cocinasvipe.es\/wp-content\/uploads\/2023\/03\/renovation-57.jpg\u00bb custom_padding=\u00bb||220px||false|false\u00bb custom_padding_tablet=\u00bb||220px||false|false\u00bb custom_padding_phone=\u00bb||200px||false|false\u00bb hover_enabled=\u00bb0&#8243; locked=\u00bboff\u00bb global_colors_info=\u00bb{}\u00bb title_text=\u00bbrenovation-57&#8243; sticky_enabled=\u00bb0&#8243;][et_pb_row _builder_version=\u00bb4.16&#8243; global_colors_info=\u00bb{}\u00bb][et_pb_column type=\u00bb4_4&#8243; _builder_version=\u00bb4.16&#8243; global_colors_info=\u00bb{}\u00bb][et_pb_text _builder_version=\u00bb4.20.0&#8243; header_font=\u00bbKanit|500|||||||\u00bb header_font_size=\u00bb4vw\u00bb header_line_height=\u00bb1.1em\u00bb text_orientation=\u00bbcenter\u00bb background_layout=\u00bbdark\u00bb max_width=\u00bb795px\u00bb module_alignment=\u00bbcenter\u00bb header_font_size_tablet=\u00bb42px\u00bb header_font_size_phone=\u00bb36px\u00bb header_font_size_last_edited=\u00bbon|desktop\u00bb header_text_shadow_style=\u00bbpreset3&#8243; header_text_shadow_blur_strength=\u00bb0.4em\u00bb header_text_shadow_color=\u00bb#000000&#8243; global_colors_info=\u00bb{}\u00bb]<\/p>\n<h1>Nosotros<\/h1>\n<p>[\/et_pb_text][\/et_pb_column][\/et_pb_row][\/et_pb_section][et_pb_section fb_built=\u00bb1&#8243; admin_label=\u00bbAbout\u00bb _builder_version=\u00bb4.16&#8243; custom_padding=\u00bb||0px||false|false\u00bb locked=\u00bboff\u00bb global_colors_info=\u00bb{}\u00bb][et_pb_row column_structure=\u00bb2_3,1_3&#8243; custom_padding_last_edited=\u00bbon|phone\u00bb _builder_version=\u00bb4.20.0&#8243; background_color=\u00bb#ffffff\u00bb custom_margin=\u00bb-220px||||false|false\u00bb custom_padding=\u00bb40px|40px|40px|40px|true|true\u00bb custom_padding_tablet=\u00bb30px|30px|30px|30px|true|true\u00bb custom_padding_phone=\u00bb20px|20px|20px|20px|true|true\u00bb global_colors_info=\u00bb{}\u00bb][et_pb_column type=\u00bb2_3&#8243; _builder_version=\u00bb4.16&#8243; custom_padding_tablet=\u00bb50px|50px|50px|50px|true|false\u00bb custom_padding_phone=\u00bb30px|30px|30px|30px|true|false\u00bb custom_padding_last_edited=\u00bboff|desktop\u00bb global_colors_info=\u00bb{}\u00bb][et_pb_text _builder_version=\u00bb4.20.0&#8243; text_font_size=\u00bb15px\u00bb text_line_height=\u00bb1.8em\u00bb custom_padding=\u00bb||0px|||\u00bb hover_enabled=\u00bb0&#8243; text_font_size_tablet=\u00bb15px\u00bb text_font_size_phone=\u00bb14px\u00bb text_font_size_last_edited=\u00bbon|phone\u00bb global_colors_info=\u00bb{}\u00bb text_text_color=\u00bb#161616&#8243; sticky_enabled=\u00bb0&#8243;]<\/p>\n<p><span>Cocinas Vipe es una empresa especializada en todo tipo de reformas integrales en Valencia y ofrece una amplia variedad de servicios para el hogar, desde la reforma integral de viviendas hasta la instalaci\u00f3n de electrodom\u00e9sticos o la fabricaci\u00f3n de muebles a medida. Todos sus trabajos est\u00e1n realizados por un equipo de profesionales altamente cualificados y con una amplia experiencia en el sector, utilizando materiales de alta calidad y dise\u00f1o innovador para garantizar la satisfacci\u00f3n del cliente y un resultado final \u00f3ptimo. Adem\u00e1s, ofrecen un trato personalizado y adaptado a las necesidades de cada cliente, as\u00ed como precios ajustados y competitivos en todos los servicios ofrecidos. Si necesitas cualquier tipo de reforma integral en tu hogar, no dudes en contactar con Cocinas Vipe.<\/span><\/p>\n<p>[\/et_pb_text][\/et_pb_column][et_pb_column type=\u00bb1_3&#8243; _builder_version=\u00bb4.16&#8243; global_colors_info=\u00bb{}\u00bb][et_pb_image src=\u00bbhttps:\/\/www.cocinasvipe.es\/wp-content\/uploads\/2023\/03\/renovation-21.jpg\u00bb title_text=\u00bbrenovation-21&#8243; _builder_version=\u00bb4.20.0&#8243; _module_preset=\u00bbdefault\u00bb custom_padding=\u00bb||||false|false\u00bb global_colors_info=\u00bb{}\u00bb][\/et_pb_image][et_pb_button button_url=\u00bbhttps:\/\/www.cocinasvipe.es\/contacto\/\u00bb button_text=\u00bbSolicitar un presupuesto\u00bb button_alignment=\u00bbleft\u00bb _builder_version=\u00bb4.20.0&#8243; custom_button=\u00bbon\u00bb button_text_size=\u00bb14px\u00bb button_text_color=\u00bb#000000&#8243; button_bg_color=\u00bb#cbe4de\u00bb button_border_width=\u00bb0px\u00bb button_border_radius=\u00bb0px\u00bb button_letter_spacing=\u00bb1px\u00bb button_font=\u00bb|700||on|||||\u00bb button_icon=\u00bb&#x24;||divi||400&#8243; custom_margin=\u00bb40px||||false|false\u00bb custom_padding=\u00bb15px|40px|15px|40px|true|true\u00bb locked=\u00bboff\u00bb global_colors_info=\u00bb{}\u00bb][\/et_pb_button][\/et_pb_column][\/et_pb_row][\/et_pb_section][et_pb_section fb_built=\u00bb1&#8243; admin_label=\u00bbValue Props\u00bb _builder_version=\u00bb4.16&#8243; locked=\u00bboff\u00bb global_colors_info=\u00bb{}\u00bb][et_pb_row column_structure=\u00bb1_2,1_2&#8243; _builder_version=\u00bb4.20.0&#8243; background_color=\u00bb#cbe4de\u00bb background_size=\u00bbcontain\u00bb background_position=\u00bbtop_center\u00bb custom_margin=\u00bb149px|auto||auto|false|false\u00bb custom_margin_tablet=\u00bb30%||||false|false\u00bb custom_margin_phone=\u00bb\u00bb custom_margin_last_edited=\u00bbon|tablet\u00bb custom_padding=\u00bb0px||0px||true|false\u00bb global_colors_info=\u00bb{}\u00bb][et_pb_column type=\u00bb1_2&#8243; _builder_version=\u00bb4.16&#8243; global_colors_info=\u00bb{}\u00bb][et_pb_image src=\u00bbhttps:\/\/www.cocinasvipe.es\/wp-content\/uploads\/2023\/03\/renovation-04.png\u00bb title_text=\u00bbrenovation-06&#8243; _builder_version=\u00bb4.16&#8243; background_image=\u00bbhttps:\/\/www.cocinasvipe.es\/wp-content\/uploads\/2023\/03\/renovation-06.jpg\u00bb z_index=\u00bb1&#8243; custom_margin=\u00bb-145px||||false|false\u00bb custom_margin_tablet=\u00bb-30%||||false|false\u00bb custom_margin_phone=\u00bb\u00bb custom_margin_last_edited=\u00bbon|desktop\u00bb custom_padding=\u00bb||80%||false|false\u00bb global_colors_info=\u00bb{}\u00bb][\/et_pb_image][et_pb_image src=\u00bbhttps:\/\/www.cocinasvipe.es\/wp-content\/uploads\/2023\/03\/vipe-ocinas-fav.png\u00bb title_text=\u00bbvipe-ocinas-fav\u00bb admin_label=\u00bbImage\u00bb _builder_version=\u00bb4.20.0&#8243; positioning=\u00bbabsolute\u00bb position_origin_a=\u00bbbottom_left\u00bb width=\u00bb170px\u00bb custom_margin=\u00bb0px|||-40px|false|false\u00bb custom_margin_tablet=\u00bb-390px||||false|false\u00bb custom_margin_phone=\u00bb\u00bb custom_margin_last_edited=\u00bbon|desktop\u00bb scroll_rotating_enable=\u00bbon\u00bb scroll_rotating=\u00bb0|50|50|100|45\u00b0|0\u00b0|0\u00b0\u00bb motion_trigger_start=\u00bbbottom\u00bb locked=\u00bboff\u00bb global_colors_info=\u00bb{}\u00bb][\/et_pb_image][\/et_pb_column][et_pb_column type=\u00bb1_2&#8243; _builder_version=\u00bb4.16&#8243; custom_padding=\u00bb48px|60px|48px||true|false\u00bb custom_padding_tablet=\u00bb30px|40px|50px|40px|false|true\u00bb custom_padding_phone=\u00bb|30px||30px|false|true\u00bb custom_padding_last_edited=\u00bbon|tablet\u00bb global_colors_info=\u00bb{}\u00bb][et_pb_text _builder_version=\u00bb4.20.0&#8243; text_line_height=\u00bb1.8em\u00bb header_2_font=\u00bbKanit|700|||||||\u00bb header_2_text_color=\u00bb#2c3333&#8243; header_2_font_size=\u00bb30px\u00bb header_2_line_height=\u00bb1.3em\u00bb custom_margin=\u00bb||15px||false|false\u00bb hover_enabled=\u00bb0&#8243; header_2_font_size_tablet=\u00bb36px\u00bb header_2_font_size_phone=\u00bb24px\u00bb header_2_font_size_last_edited=\u00bbon|phone\u00bb locked=\u00bboff\u00bb global_colors_info=\u00bb{}\u00bb sticky_enabled=\u00bb0&#8243;]<\/p>\n<h2>\u00bfPor qu\u00e9 nos eligen?<\/h2>\n<p>[\/et_pb_text][et_pb_text ul_position=\u00bbinside\u00bb _builder_version=\u00bb4.20.0&#8243; text_font=\u00bb|700|||||||\u00bb text_text_color=\u00bb#2c3333&#8243; ul_line_height=\u00bb2em\u00bb hover_enabled=\u00bb0&#8243; global_colors_info=\u00bb{}\u00bb sticky_enabled=\u00bb0&#8243;]<\/p>\n<ul>\n<li>Amplia experiencia y trayectoria en el sector de las reformas.<\/li>\n<li>Equipo de profesionales cualificados y especializados en cada \u00e1rea de trabajo.<\/li>\n<li>Utilizaci\u00f3n de materiales de alta calidad y dise\u00f1o innovador.<\/li>\n<li>Atenci\u00f3n personalizada y asesoramiento en cada fase del proyecto.<\/li>\n<li>Precios ajustados y competitivos en todos los servicios ofrecidos.<\/li>\n<li>Respuesta r\u00e1pida ante incidencias post-proyectos<\/li>\n<\/ul>\n<p>[\/et_pb_text][\/et_pb_column][\/et_pb_row][\/et_pb_section]<\/p>","protected":false},"excerpt":{"rendered":"<p>NosotrosCocinas Vipe es una empresa especializada en todo tipo de reformas integrales en Valencia y ofrece una amplia variedad de servicios para el hogar, desde la reforma integral de viviendas hasta la instalaci\u00f3n de electrodom\u00e9sticos o la fabricaci\u00f3n de muebles a medida. Todos sus trabajos est\u00e1n realizados por un equipo de profesionales altamente cualificados y [&hellip;]<\/p>","protected":false},"author":1,"featured_media":0,"parent":0,"menu_order":0,"comment_status":"closed","ping_status":"closed","template":"","meta":{"_et_pb_use_builder":"on","_et_pb_old_content":"<!-- wp:divi\/placeholder \/-->","_et_gb_content_width":"","footnotes":""},"class_list":["post-27","page","type-page","status-publish","hentry"],"yoast_head":"<!-- This site is optimized with the Yoast SEO plugin v20.1 - https:\/\/yoast.com\/wordpress\/plugins\/seo\/ -->\n<title>Nosotros - Cocinas Vipe<\/title>\n<meta name=\"robots\" content=\"index, follow, max-snippet:-1, max-image-preview:large, max-video-preview:-1\" \/>\n<link rel=\"canonical\" href=\"https:\/\/www.cocinasvipe.es\/en\/nosotros\/\" \/>\n<meta property=\"og:locale\" content=\"en_GB\" \/>\n<meta property=\"og:type\" content=\"article\" \/>\n<meta property=\"og:title\" content=\"Nosotros - Cocinas Vipe\" \/>\n<meta property=\"og:description\" content=\"NosotrosCocinas Vipe es una empresa especializada en todo tipo de reformas integrales en Valencia y ofrece una amplia variedad de servicios para el hogar, desde la reforma integral de viviendas hasta la instalaci\u00f3n de electrodom\u00e9sticos o la fabricaci\u00f3n de muebles a medida. Todos sus trabajos est\u00e1n realizados por un equipo de profesionales altamente cualificados y [&hellip;]\" \/>\n<meta property=\"og:url\" content=\"https:\/\/www.cocinasvipe.es\/en\/nosotros\/\" \/>\n<meta property=\"og:site_name\" content=\"Cocinas Vipe\" \/>\n<meta property=\"article:modified_time\" content=\"2023-03-10T10:02:19+00:00\" \/>\n<meta name=\"twitter:card\" content=\"summary_large_image\" \/>\n<script type=\"application\/ld+json\" class=\"yoast-schema-graph\">{\"@context\":\"https:\/\/schema.org\",\"@graph\":[{\"@type\":\"WebPage\",\"@id\":\"https:\/\/www.cocinasvipe.es\/nosotros\/\",\"url\":\"https:\/\/www.cocinasvipe.es\/nosotros\/\",\"name\":\"Nosotros - Cocinas Vipe\",\"isPartOf\":{\"@id\":\"https:\/\/www.cocinasvipe.es\/#website\"},\"datePublished\":\"2023-02-27T10:20:59+00:00\",\"dateModified\":\"2023-03-10T10:02:19+00:00\",\"breadcrumb\":{\"@id\":\"https:\/\/www.cocinasvipe.es\/nosotros\/#breadcrumb\"},\"inLanguage\":\"en-GB\",\"potentialAction\":[{\"@type\":\"ReadAction\",\"target\":[\"https:\/\/www.cocinasvipe.es\/nosotros\/\"]}]},{\"@type\":\"BreadcrumbList\",\"@id\":\"https:\/\/www.cocinasvipe.es\/nosotros\/#breadcrumb\",\"itemListElement\":[{\"@type\":\"ListItem\",\"position\":1,\"name\":\"Portada\",\"item\":\"https:\/\/www.cocinasvipe.es\/\"},{\"@type\":\"ListItem\",\"position\":2,\"name\":\"Nosotros\"}]},{\"@type\":\"WebSite\",\"@id\":\"https:\/\/www.cocinasvipe.es\/#website\",\"url\":\"https:\/\/www.cocinasvipe.es\/\",\"name\":\"Cocinas Vipe\",\"description\":\"\",\"potentialAction\":[{\"@type\":\"SearchAction\",\"target\":{\"@type\":\"EntryPoint\",\"urlTemplate\":\"https:\/\/www.cocinasvipe.es\/?s={search_term_string}\"},\"query-input\":\"required name=search_term_string\"}],\"inLanguage\":\"en-GB\"}]}<\/script>\n<!-- \/ Yoast SEO plugin. -->","yoast_head_json":{"title":"Nosotros - Cocinas Vipe","robots":{"index":"index","follow":"follow","max-snippet":"max-snippet:-1","max-image-preview":"max-image-preview:large","max-video-preview":"max-video-preview:-1"},"canonical":"https:\/\/www.cocinasvipe.es\/en\/nosotros\/","og_locale":"en_GB","og_type":"article","og_title":"Nosotros - Cocinas Vipe","og_description":"NosotrosCocinas Vipe es una empresa especializada en todo tipo de reformas integrales en Valencia y ofrece una amplia variedad de servicios para el hogar, desde la reforma integral de viviendas hasta la instalaci\u00f3n de electrodom\u00e9sticos o la fabricaci\u00f3n de muebles a medida. Todos sus trabajos est\u00e1n realizados por un equipo de profesionales altamente cualificados y [&hellip;]","og_url":"https:\/\/www.cocinasvipe.es\/en\/nosotros\/","og_site_name":"Cocinas Vipe","article_modified_time":"2023-03-10T10:02:19+00:00","twitter_card":"summary_large_image","schema":{"@context":"https:\/\/schema.org","@graph":[{"@type":"WebPage","@id":"https:\/\/www.cocinasvipe.es\/nosotros\/","url":"https:\/\/www.cocinasvipe.es\/nosotros\/","name":"Nosotros - Cocinas Vipe","isPartOf":{"@id":"https:\/\/www.cocinasvipe.es\/#website"},"datePublished":"2023-02-27T10:20:59+00:00","dateModified":"2023-03-10T10:02:19+00:00","breadcrumb":{"@id":"https:\/\/www.cocinasvipe.es\/nosotros\/#breadcrumb"},"inLanguage":"en-GB","potentialAction":[{"@type":"ReadAction","target":["https:\/\/www.cocinasvipe.es\/nosotros\/"]}]},{"@type":"BreadcrumbList","@id":"https:\/\/www.cocinasvipe.es\/nosotros\/#breadcrumb","itemListElement":[{"@type":"ListItem","position":1,"name":"Portada","item":"https:\/\/www.cocinasvipe.es\/"},{"@type":"ListItem","position":2,"name":"Nosotros"}]},{"@type":"WebSite","@id":"https:\/\/www.cocinasvipe.es\/#website","url":"https:\/\/www.cocinasvipe.es\/","name":"Cocinas Vipe","description":"","potentialAction":[{"@type":"SearchAction","target":{"@type":"EntryPoint","urlTemplate":"https:\/\/www.cocinasvipe.es\/?s={search_term_string}"},"query-input":"required name=search_term_string"}],"inLanguage":"en-GB"}]}},"_links":{"self":[{"href":"https:\/\/www.cocinasvipe.es\/en\/wp-json\/wp\/v2\/pages\/27","targetHints":{"allow":["GET"]}}],"collection":[{"href":"https:\/\/www.cocinasvipe.es\/en\/wp-json\/wp\/v2\/pages"}],"about":[{"href":"https:\/\/www.cocinasvipe.es\/en\/wp-json\/wp\/v2\/types\/page"}],"author":[{"embeddable":true,"href":"https:\/\/www.cocinasvipe.es\/en\/wp-json\/wp\/v2\/users\/1"}],"replies":[{"embeddable":true,"href":"https:\/\/www.cocinasvipe.es\/en\/wp-json\/wp\/v2\/comments?post=27"}],"version-history":[{"count":13,"href":"https:\/\/www.cocinasvipe.es\/en\/wp-json\/wp\/v2\/pages\/27\/revisions"}],"predecessor-version":[{"id":245,"href":"https:\/\/www.cocinasvipe.es\/en\/wp-json\/wp\/v2\/pages\/27\/revisions\/245"}],"wp:attachment":[{"href":"https:\/\/www.cocinasvipe.es\/en\/wp-json\/wp\/v2\/media?parent=27"}],"curies":[{"name":"wp","href":"https:\/\/api.w.org\/{rel}","templated":true}]}}